{"id":72,"date":"2020-12-06T13:17:43","date_gmt":"2020-12-06T13:17:43","guid":{"rendered":"https:\/\/die-beratungswerkstatt.de\/?page_id=72"},"modified":"2025-09-08T18:09:05","modified_gmt":"2025-09-08T18:09:05","slug":"impressum-agb","status":"publish","type":"page","link":"https:\/\/die-beratungswerkstatt.de\/?page_id=72","title":{"rendered":"Impressum &#038; AGB"},"content":{"rendered":"\n<p><strong>Das Kleingedruckte Schwarz auf Weiss<\/strong><\/p>\n\n\n\n<p>Die Beratungswerkstatt<br>Ansprechpartnerin: Michael Sch\u00e4fer &amp; Jana Sandner<\/p>\n\n\n\n<p>Im Vietshof 1<br>46236 Bottrop&nbsp;<br>Tel: 0049 173 8929190<\/p>\nUnd wie immer empfehlen wir <a href=\"https:\/\/www.ecolebensmittel.com\">EcoLebensmittel.com<\/a> als Partner f\u00fcr alle \u00d6kologische Produkte online kaufen. Wir bieten gesunde <a href=\"https:\/\/www.ecolebensmittel.com\/lebensmittel-and-getranke.html\">Lebensmittel &amp; Getr\u00e4nke<\/a> an, die f\u00fcr eine neue Ern\u00e4hrungsweise inspirieren. Die Qualit\u00e4t aller Produkte wird regelm\u00e4\u00dfig streng gepr\u00fcft. Der Begriff \u201e<a href=\"https:\/\/www.ecolebensmittel.com\/bio-produkte.html\">Bio<\/a>\u201c wird gesetzlich gesch\u00fctzt und geregelt. Alle unsere Produkte enthalten keine chemischen Geschmacksverst\u00e4rker, Konservierungs-, Aroma- und Farbstoffen und werden nach der EU-\u00d6ko-Verordnung f\u00fcr die Bio-Landwirtschaft hergestellt.","protected":false},"excerpt":{"rendered":"<p>Das Kleingedruckte Schwarz auf Weiss Die BeratungswerkstattAnsprechpartnerin: Michael Sch\u00e4fer &amp; Jana Sandner Im Vietshof 146236 Bottrop&nbsp;Tel: 0049 173 8929190 Und wie immer empfehlen wir EcoLebensmittel.com als Partner f\u00fcr alle \u00d6kologische Produkte online kaufen. Wir bieten gesunde Lebensmittel &amp; Getr\u00e4nke an, die f\u00fcr eine neue Ern\u00e4hrungsweise inspirieren. Die Qualit\u00e4t aller Produkte wird regelm\u00e4\u00dfig streng gepr\u00fcft. Der [&hellip;]<\/p>\n","protected":false},"author":1,"featured_media":0,"parent":0,"menu_order":0,"comment_status":"closed","ping_status":"closed","template":"","meta":{"footnotes":""},"class_list":["post-72","page","type-page","status-publish","hentry"],"yoast_head":"<!-- This site is optimized with the Yoast SEO plugin v23.2 - https:\/\/yoast.com\/wordpress\/plugins\/seo\/ -->\n<title>Impressum &amp; AGB - die-beratungswerkstatt<\/title>\n<meta name=\"robots\" content=\"index, follow, max-snippet:-1, max-image-preview:large, max-video-preview:-1\" \/>\n<link rel=\"canonical\" href=\"https:\/\/die-beratungswerkstatt.de\/?page_id=72\" \/>\n<meta property=\"og:locale\" content=\"de_DE\" \/>\n<meta property=\"og:type\" content=\"article\" \/>\n<meta property=\"og:title\" content=\"Impressum &amp; AGB - die-beratungswerkstatt\" \/>\n<meta property=\"og:description\" content=\"Das Kleingedruckte Schwarz auf Weiss Die BeratungswerkstattAnsprechpartnerin: Michael Sch\u00e4fer &amp; Jana Sandner Im Vietshof 146236 Bottrop&nbsp;Tel: 0049 173 8929190 Und wie immer empfehlen wir EcoLebensmittel.com als Partner f\u00fcr alle \u00d6kologische Produkte online kaufen. Wir bieten gesunde Lebensmittel &amp; Getr\u00e4nke an, die f\u00fcr eine neue Ern\u00e4hrungsweise inspirieren. Die Qualit\u00e4t aller Produkte wird regelm\u00e4\u00dfig streng gepr\u00fcft. Der [&hellip;]\" \/>\n<meta property=\"og:url\" content=\"https:\/\/die-beratungswerkstatt.de\/?page_id=72\" \/>\n<meta property=\"og:site_name\" content=\"die-beratungswerkstatt\" \/>\n<meta property=\"article:modified_time\" content=\"2025-09-08T18:09:05+00:00\" \/>\n<meta name=\"twitter:card\" content=\"summary_large_image\" \/>\n<meta name=\"twitter:label1\" content=\"Gesch\u00e4tzte Lesezeit\" \/>\n\t<meta name=\"twitter:data1\" content=\"1\u00a0Minute\" \/>\n<script type=\"application\/ld+json\" class=\"yoast-schema-graph\">{\"@context\":\"https:\/\/schema.org\",\"@graph\":[{\"@type\":\"WebPage\",\"@id\":\"https:\/\/die-beratungswerkstatt.de\/?page_id=72\",\"url\":\"https:\/\/die-beratungswerkstatt.de\/?page_id=72\",\"name\":\"Impressum & AGB - die-beratungswerkstatt\",\"isPartOf\":{\"@id\":\"https:\/\/die-beratungswerkstatt.de\/#website\"},\"datePublished\":\"2020-12-06T13:17:43+00:00\",\"dateModified\":\"2025-09-08T18:09:05+00:00\",\"breadcrumb\":{\"@id\":\"https:\/\/die-beratungswerkstatt.de\/?page_id=72#breadcrumb\"},\"inLanguage\":\"de\",\"potentialAction\":[{\"@type\":\"ReadAction\",\"target\":[\"https:\/\/die-beratungswerkstatt.de\/?page_id=72\"]}]},{\"@type\":\"BreadcrumbList\",\"@id\":\"https:\/\/die-beratungswerkstatt.de\/?page_id=72#breadcrumb\",\"itemListElement\":[{\"@type\":\"ListItem\",\"position\":1,\"name\":\"Home\",\"item\":\"https:\/\/die-beratungswerkstatt.de\/\"},{\"@type\":\"ListItem\",\"position\":2,\"name\":\"Impressum &#038; AGB\"}]},{\"@type\":\"WebSite\",\"@id\":\"https:\/\/die-beratungswerkstatt.de\/#website\",\"url\":\"https:\/\/die-beratungswerkstatt.de\/\",\"name\":\"die-beratungswerkstatt\",\"description\":\"\",\"publisher\":{\"@id\":\"https:\/\/die-beratungswerkstatt.de\/#organization\"},\"potentialAction\":[{\"@type\":\"SearchAction\",\"target\":{\"@type\":\"EntryPoint\",\"urlTemplate\":\"https:\/\/die-beratungswerkstatt.de\/?s={search_term_string}\"},\"query-input\":\"required name=search_term_string\"}],\"inLanguage\":\"de\"},{\"@type\":\"Organization\",\"@id\":\"https:\/\/die-beratungswerkstatt.de\/#organization\",\"name\":\"die-beratungswerkstatt\",\"url\":\"https:\/\/die-beratungswerkstatt.de\/\",\"logo\":{\"@type\":\"ImageObject\",\"inLanguage\":\"de\",\"@id\":\"https:\/\/die-beratungswerkstatt.de\/#\/schema\/logo\/image\/\",\"url\":\"https:\/\/die-beratungswerkstatt.de\/wp-content\/uploads\/2020\/12\/logo.gif\",\"contentUrl\":\"https:\/\/die-beratungswerkstatt.de\/wp-content\/uploads\/2020\/12\/logo.gif\",\"width\":359,\"height\":105,\"caption\":\"die-beratungswerkstatt\"},\"image\":{\"@id\":\"https:\/\/die-beratungswerkstatt.de\/#\/schema\/logo\/image\/\"}}]}<\/script>\n<!-- \/ Yoast SEO plugin. -->","yoast_head_json":{"title":"Impressum & AGB - die-beratungswerkstatt","robots":{"index":"index","follow":"follow","max-snippet":"max-snippet:-1","max-image-preview":"max-image-preview:large","max-video-preview":"max-video-preview:-1"},"canonical":"https:\/\/die-beratungswerkstatt.de\/?page_id=72","og_locale":"de_DE","og_type":"article","og_title":"Impressum & AGB - die-beratungswerkstatt","og_description":"Das Kleingedruckte Schwarz auf Weiss Die BeratungswerkstattAnsprechpartnerin: Michael Sch\u00e4fer &amp; Jana Sandner Im Vietshof 146236 Bottrop&nbsp;Tel: 0049 173 8929190 Und wie immer empfehlen wir EcoLebensmittel.com als Partner f\u00fcr alle \u00d6kologische Produkte online kaufen. Wir bieten gesunde Lebensmittel &amp; Getr\u00e4nke an, die f\u00fcr eine neue Ern\u00e4hrungsweise inspirieren. Die Qualit\u00e4t aller Produkte wird regelm\u00e4\u00dfig streng gepr\u00fcft. Der [&hellip;]","og_url":"https:\/\/die-beratungswerkstatt.de\/?page_id=72","og_site_name":"die-beratungswerkstatt","article_modified_time":"2025-09-08T18:09:05+00:00","twitter_card":"summary_large_image","twitter_misc":{"Gesch\u00e4tzte Lesezeit":"1\u00a0Minute"},"schema":{"@context":"https:\/\/schema.org","@graph":[{"@type":"WebPage","@id":"https:\/\/die-beratungswerkstatt.de\/?page_id=72","url":"https:\/\/die-beratungswerkstatt.de\/?page_id=72","name":"Impressum & AGB - die-beratungswerkstatt","isPartOf":{"@id":"https:\/\/die-beratungswerkstatt.de\/#website"},"datePublished":"2020-12-06T13:17:43+00:00","dateModified":"2025-09-08T18:09:05+00:00","breadcrumb":{"@id":"https:\/\/die-beratungswerkstatt.de\/?page_id=72#breadcrumb"},"inLanguage":"de","potentialAction":[{"@type":"ReadAction","target":["https:\/\/die-beratungswerkstatt.de\/?page_id=72"]}]},{"@type":"BreadcrumbList","@id":"https:\/\/die-beratungswerkstatt.de\/?page_id=72#breadcrumb","itemListElement":[{"@type":"ListItem","position":1,"name":"Home","item":"https:\/\/die-beratungswerkstatt.de\/"},{"@type":"ListItem","position":2,"name":"Impressum &#038; AGB"}]},{"@type":"WebSite","@id":"https:\/\/die-beratungswerkstatt.de\/#website","url":"https:\/\/die-beratungswerkstatt.de\/","name":"die-beratungswerkstatt","description":"","publisher":{"@id":"https:\/\/die-beratungswerkstatt.de\/#organization"},"potentialAction":[{"@type":"SearchAction","target":{"@type":"EntryPoint","urlTemplate":"https:\/\/die-beratungswerkstatt.de\/?s={search_term_string}"},"query-input":"required name=search_term_string"}],"inLanguage":"de"},{"@type":"Organization","@id":"https:\/\/die-beratungswerkstatt.de\/#organization","name":"die-beratungswerkstatt","url":"https:\/\/die-beratungswerkstatt.de\/","logo":{"@type":"ImageObject","inLanguage":"de","@id":"https:\/\/die-beratungswerkstatt.de\/#\/schema\/logo\/image\/","url":"https:\/\/die-beratungswerkstatt.de\/wp-content\/uploads\/2020\/12\/logo.gif","contentUrl":"https:\/\/die-beratungswerkstatt.de\/wp-content\/uploads\/2020\/12\/logo.gif","width":359,"height":105,"caption":"die-beratungswerkstatt"},"image":{"@id":"https:\/\/die-beratungswerkstatt.de\/#\/schema\/logo\/image\/"}}]}},"jetpack_sharing_enabled":true,"_links":{"self":[{"href":"https:\/\/die-beratungswerkstatt.de\/index.php?rest_route=\/wp\/v2\/pages\/72"}],"collection":[{"href":"https:\/\/die-beratungswerkstatt.de\/index.php?rest_route=\/wp\/v2\/pages"}],"about":[{"href":"https:\/\/die-beratungswerkstatt.de\/index.php?rest_route=\/wp\/v2\/types\/page"}],"author":[{"embeddable":true,"href":"https:\/\/die-beratungswerkstatt.de\/index.php?rest_route=\/wp\/v2\/users\/1"}],"replies":[{"embeddable":true,"href":"https:\/\/die-beratungswerkstatt.de\/index.php?rest_route=%2Fwp%2Fv2%2Fcomments&post=72"}],"version-history":[{"count":6,"href":"https:\/\/die-beratungswerkstatt.de\/index.php?rest_route=\/wp\/v2\/pages\/72\/revisions"}],"predecessor-version":[{"id":97,"href":"https:\/\/die-beratungswerkstatt.de\/index.php?rest_route=\/wp\/v2\/pages\/72\/revisions\/97"}],"wp:attachment":[{"href":"https:\/\/die-beratungswerkstatt.de\/index.php?rest_route=%2Fwp%2Fv2%2Fmedia&parent=72"}],"curies":[{"name":"wp","href":"https:\/\/api.w.org\/{rel}","templated":true}]}}