{"id":64,"date":"2020-12-06T13:03:05","date_gmt":"2020-12-06T13:03:05","guid":{"rendered":"https:\/\/die-beratungswerkstatt.de\/?page_id=64"},"modified":"2020-12-06T13:03:06","modified_gmt":"2020-12-06T13:03:06","slug":"coaching","status":"publish","type":"page","link":"https:\/\/die-beratungswerkstatt.de\/?page_id=64","title":{"rendered":"Coaching"},"content":{"rendered":"\n<figure class=\"wp-block-image size-large\"><img loading=\"lazy\" decoding=\"async\" width=\"522\" height=\"200\" src=\"https:\/\/die-beratungswerkstatt.de\/wp-content\/uploads\/2020\/12\/moewe.jpg\" alt=\"\" class=\"wp-image-65\" srcset=\"https:\/\/die-beratungswerkstatt.de\/wp-content\/uploads\/2020\/12\/moewe.jpg 522w, https:\/\/die-beratungswerkstatt.de\/wp-content\/uploads\/2020\/12\/moewe-300x115.jpg 300w\" sizes=\"(max-width: 522px) 100vw, 522px\" \/><\/figure>\n\n\n\n<p><em>Wenn man mit Fl\u00fcgeln geboren wurde, sollte man alles dazu tun, sie zum Fliegen zu benutzen.<\/em><br><strong>Florence Nightingale<\/strong><\/p>\n\n\n\n<p>Coaching ist eine professionelle Beratung, Begleitung und Unterst\u00fctzung von Einzelpersonen oder Teams. Zielsetzung von Coaching ist die Weiterentwicklung von individuellen oder kollektiven Prozessen im Hinblick auf Lernen und Leistung.<\/p>\n\n\n\n<p>Coaching ist ergebnis- und l\u00f6sungsorientiert und dient der Steigerung und dem Erhalt der Leistungsf\u00e4higkeit. Ein Coach unterst\u00fctzt in einem auf individuelle Bed\u00fcrfnisse abgestimmten Beratungsprozess die Verbesserung oder auch Ver\u00e4nderung einer meist beruflichen Situation und dem Gestalten von Rollen unter anspruchsvollen Bedingungen.<\/p>\n\n\n\n<p>Inhaltlich ist Coaching eine Kombination aus individueller Unterst\u00fctzung zur Bew\u00e4ltigung verschiedener Anliegen und pers\u00f6nlicher Beratung. In einer solchen Beratung wird der Coachee (der Klient) angeregt, eigene L\u00f6sungen zu entwickeln. Der Coach erm\u00f6glicht das Erkennen von Problemursachen und dient daher zur Identifikation und L\u00f6sung der zum Problem f\u00fchrenden Prozesse. Der Coachee lernt, seine Probleme eigenst\u00e4ndig zu l\u00f6sen und sein Verhalten&nbsp; bzw. seine Einstellungen weiterzuentwickeln und effektive Ergebnisse zu erreichen.<\/p>\nUnd wie immer empfehlen wir <a href=\"https:\/\/www.ecolebensmittel.com\">EcoLebensmittel.com<\/a> als Partner f\u00fcr alle \u00d6kologische Produkte online kaufen. Wir bieten gesunde <a href=\"https:\/\/www.ecolebensmittel.com\/lebensmittel-and-getranke.html\">Lebensmittel &amp; Getr\u00e4nke<\/a> an, die f\u00fcr eine neue Ern\u00e4hrungsweise inspirieren. Die Qualit\u00e4t aller Produkte wird regelm\u00e4\u00dfig streng gepr\u00fcft. Der Begriff \u201e<a href=\"https:\/\/www.ecolebensmittel.com\/bio-produkte.html\">Bio<\/a>\u201c wird gesetzlich gesch\u00fctzt und geregelt. Alle unsere Produkte enthalten keine chemischen Geschmacksverst\u00e4rker, Konservierungs-, Aroma- und Farbstoffen und werden nach der EU-\u00d6ko-Verordnung f\u00fcr die Bio-Landwirtschaft hergestellt.","protected":false},"excerpt":{"rendered":"<p>Wenn man mit Fl\u00fcgeln geboren wurde, sollte man alles dazu tun, sie zum Fliegen zu benutzen.Florence Nightingale Coaching ist eine professionelle Beratung, Begleitung und Unterst\u00fctzung von Einzelpersonen oder Teams. Zielsetzung von Coaching ist die Weiterentwicklung von individuellen oder kollektiven Prozessen im Hinblick auf Lernen und Leistung. Coaching ist ergebnis- und l\u00f6sungsorientiert und dient der Steigerung [&hellip;]<\/p>\n","protected":false},"author":1,"featured_media":0,"parent":0,"menu_order":0,"comment_status":"closed","ping_status":"closed","template":"","meta":{"footnotes":""},"class_list":["post-64","page","type-page","status-publish","hentry"],"yoast_head":"<!-- This site is optimized with the Yoast SEO plugin v23.2 - https:\/\/yoast.com\/wordpress\/plugins\/seo\/ -->\n<title>Coaching - die-beratungswerkstatt<\/title>\n<meta name=\"robots\" content=\"index, follow, max-snippet:-1, max-image-preview:large, max-video-preview:-1\" \/>\n<link rel=\"canonical\" href=\"https:\/\/die-beratungswerkstatt.de\/?page_id=64\" \/>\n<meta property=\"og:locale\" content=\"de_DE\" \/>\n<meta property=\"og:type\" content=\"article\" \/>\n<meta property=\"og:title\" content=\"Coaching - die-beratungswerkstatt\" \/>\n<meta property=\"og:description\" content=\"Wenn man mit Fl\u00fcgeln geboren wurde, sollte man alles dazu tun, sie zum Fliegen zu benutzen.Florence Nightingale Coaching ist eine professionelle Beratung, Begleitung und Unterst\u00fctzung von Einzelpersonen oder Teams. Zielsetzung von Coaching ist die Weiterentwicklung von individuellen oder kollektiven Prozessen im Hinblick auf Lernen und Leistung. Coaching ist ergebnis- und l\u00f6sungsorientiert und dient der Steigerung [&hellip;]\" \/>\n<meta property=\"og:url\" content=\"https:\/\/die-beratungswerkstatt.de\/?page_id=64\" \/>\n<meta property=\"og:site_name\" content=\"die-beratungswerkstatt\" \/>\n<meta property=\"article:modified_time\" content=\"2020-12-06T13:03:06+00:00\" \/>\n<meta property=\"og:image\" content=\"https:\/\/die-beratungswerkstatt.de\/wp-content\/uploads\/2020\/12\/moewe.jpg\" \/>\n<meta name=\"twitter:card\" content=\"summary_large_image\" \/>\n<meta name=\"twitter:label1\" content=\"Gesch\u00e4tzte Lesezeit\" \/>\n\t<meta name=\"twitter:data1\" content=\"1\u00a0Minute\" \/>\n<script type=\"application\/ld+json\" class=\"yoast-schema-graph\">{\"@context\":\"https:\/\/schema.org\",\"@graph\":[{\"@type\":\"WebPage\",\"@id\":\"https:\/\/die-beratungswerkstatt.de\/?page_id=64\",\"url\":\"https:\/\/die-beratungswerkstatt.de\/?page_id=64\",\"name\":\"Coaching - die-beratungswerkstatt\",\"isPartOf\":{\"@id\":\"https:\/\/die-beratungswerkstatt.de\/#website\"},\"primaryImageOfPage\":{\"@id\":\"https:\/\/die-beratungswerkstatt.de\/?page_id=64#primaryimage\"},\"image\":{\"@id\":\"https:\/\/die-beratungswerkstatt.de\/?page_id=64#primaryimage\"},\"thumbnailUrl\":\"https:\/\/die-beratungswerkstatt.de\/wp-content\/uploads\/2020\/12\/moewe.jpg\",\"datePublished\":\"2020-12-06T13:03:05+00:00\",\"dateModified\":\"2020-12-06T13:03:06+00:00\",\"breadcrumb\":{\"@id\":\"https:\/\/die-beratungswerkstatt.de\/?page_id=64#breadcrumb\"},\"inLanguage\":\"de\",\"potentialAction\":[{\"@type\":\"ReadAction\",\"target\":[\"https:\/\/die-beratungswerkstatt.de\/?page_id=64\"]}]},{\"@type\":\"ImageObject\",\"inLanguage\":\"de\",\"@id\":\"https:\/\/die-beratungswerkstatt.de\/?page_id=64#primaryimage\",\"url\":\"https:\/\/die-beratungswerkstatt.de\/wp-content\/uploads\/2020\/12\/moewe.jpg\",\"contentUrl\":\"https:\/\/die-beratungswerkstatt.de\/wp-content\/uploads\/2020\/12\/moewe.jpg\",\"width\":522,\"height\":200},{\"@type\":\"BreadcrumbList\",\"@id\":\"https:\/\/die-beratungswerkstatt.de\/?page_id=64#breadcrumb\",\"itemListElement\":[{\"@type\":\"ListItem\",\"position\":1,\"name\":\"Home\",\"item\":\"https:\/\/die-beratungswerkstatt.de\/\"},{\"@type\":\"ListItem\",\"position\":2,\"name\":\"Coaching\"}]},{\"@type\":\"WebSite\",\"@id\":\"https:\/\/die-beratungswerkstatt.de\/#website\",\"url\":\"https:\/\/die-beratungswerkstatt.de\/\",\"name\":\"die-beratungswerkstatt\",\"description\":\"\",\"publisher\":{\"@id\":\"https:\/\/die-beratungswerkstatt.de\/#organization\"},\"potentialAction\":[{\"@type\":\"SearchAction\",\"target\":{\"@type\":\"EntryPoint\",\"urlTemplate\":\"https:\/\/die-beratungswerkstatt.de\/?s={search_term_string}\"},\"query-input\":\"required name=search_term_string\"}],\"inLanguage\":\"de\"},{\"@type\":\"Organization\",\"@id\":\"https:\/\/die-beratungswerkstatt.de\/#organization\",\"name\":\"die-beratungswerkstatt\",\"url\":\"https:\/\/die-beratungswerkstatt.de\/\",\"logo\":{\"@type\":\"ImageObject\",\"inLanguage\":\"de\",\"@id\":\"https:\/\/die-beratungswerkstatt.de\/#\/schema\/logo\/image\/\",\"url\":\"https:\/\/die-beratungswerkstatt.de\/wp-content\/uploads\/2020\/12\/logo.gif\",\"contentUrl\":\"https:\/\/die-beratungswerkstatt.de\/wp-content\/uploads\/2020\/12\/logo.gif\",\"width\":359,\"height\":105,\"caption\":\"die-beratungswerkstatt\"},\"image\":{\"@id\":\"https:\/\/die-beratungswerkstatt.de\/#\/schema\/logo\/image\/\"}}]}<\/script>\n<!-- \/ Yoast SEO plugin. -->","yoast_head_json":{"title":"Coaching - die-beratungswerkstatt","robots":{"index":"index","follow":"follow","max-snippet":"max-snippet:-1","max-image-preview":"max-image-preview:large","max-video-preview":"max-video-preview:-1"},"canonical":"https:\/\/die-beratungswerkstatt.de\/?page_id=64","og_locale":"de_DE","og_type":"article","og_title":"Coaching - die-beratungswerkstatt","og_description":"Wenn man mit Fl\u00fcgeln geboren wurde, sollte man alles dazu tun, sie zum Fliegen zu benutzen.Florence Nightingale Coaching ist eine professionelle Beratung, Begleitung und Unterst\u00fctzung von Einzelpersonen oder Teams. Zielsetzung von Coaching ist die Weiterentwicklung von individuellen oder kollektiven Prozessen im Hinblick auf Lernen und Leistung. Coaching ist ergebnis- und l\u00f6sungsorientiert und dient der Steigerung [&hellip;]","og_url":"https:\/\/die-beratungswerkstatt.de\/?page_id=64","og_site_name":"die-beratungswerkstatt","article_modified_time":"2020-12-06T13:03:06+00:00","og_image":[{"url":"https:\/\/die-beratungswerkstatt.de\/wp-content\/uploads\/2020\/12\/moewe.jpg"}],"twitter_card":"summary_large_image","twitter_misc":{"Gesch\u00e4tzte Lesezeit":"1\u00a0Minute"},"schema":{"@context":"https:\/\/schema.org","@graph":[{"@type":"WebPage","@id":"https:\/\/die-beratungswerkstatt.de\/?page_id=64","url":"https:\/\/die-beratungswerkstatt.de\/?page_id=64","name":"Coaching - die-beratungswerkstatt","isPartOf":{"@id":"https:\/\/die-beratungswerkstatt.de\/#website"},"primaryImageOfPage":{"@id":"https:\/\/die-beratungswerkstatt.de\/?page_id=64#primaryimage"},"image":{"@id":"https:\/\/die-beratungswerkstatt.de\/?page_id=64#primaryimage"},"thumbnailUrl":"https:\/\/die-beratungswerkstatt.de\/wp-content\/uploads\/2020\/12\/moewe.jpg","datePublished":"2020-12-06T13:03:05+00:00","dateModified":"2020-12-06T13:03:06+00:00","breadcrumb":{"@id":"https:\/\/die-beratungswerkstatt.de\/?page_id=64#breadcrumb"},"inLanguage":"de","potentialAction":[{"@type":"ReadAction","target":["https:\/\/die-beratungswerkstatt.de\/?page_id=64"]}]},{"@type":"ImageObject","inLanguage":"de","@id":"https:\/\/die-beratungswerkstatt.de\/?page_id=64#primaryimage","url":"https:\/\/die-beratungswerkstatt.de\/wp-content\/uploads\/2020\/12\/moewe.jpg","contentUrl":"https:\/\/die-beratungswerkstatt.de\/wp-content\/uploads\/2020\/12\/moewe.jpg","width":522,"height":200},{"@type":"BreadcrumbList","@id":"https:\/\/die-beratungswerkstatt.de\/?page_id=64#breadcrumb","itemListElement":[{"@type":"ListItem","position":1,"name":"Home","item":"https:\/\/die-beratungswerkstatt.de\/"},{"@type":"ListItem","position":2,"name":"Coaching"}]},{"@type":"WebSite","@id":"https:\/\/die-beratungswerkstatt.de\/#website","url":"https:\/\/die-beratungswerkstatt.de\/","name":"die-beratungswerkstatt","description":"","publisher":{"@id":"https:\/\/die-beratungswerkstatt.de\/#organization"},"potentialAction":[{"@type":"SearchAction","target":{"@type":"EntryPoint","urlTemplate":"https:\/\/die-beratungswerkstatt.de\/?s={search_term_string}"},"query-input":"required name=search_term_string"}],"inLanguage":"de"},{"@type":"Organization","@id":"https:\/\/die-beratungswerkstatt.de\/#organization","name":"die-beratungswerkstatt","url":"https:\/\/die-beratungswerkstatt.de\/","logo":{"@type":"ImageObject","inLanguage":"de","@id":"https:\/\/die-beratungswerkstatt.de\/#\/schema\/logo\/image\/","url":"https:\/\/die-beratungswerkstatt.de\/wp-content\/uploads\/2020\/12\/logo.gif","contentUrl":"https:\/\/die-beratungswerkstatt.de\/wp-content\/uploads\/2020\/12\/logo.gif","width":359,"height":105,"caption":"die-beratungswerkstatt"},"image":{"@id":"https:\/\/die-beratungswerkstatt.de\/#\/schema\/logo\/image\/"}}]}},"jetpack_sharing_enabled":true,"_links":{"self":[{"href":"https:\/\/die-beratungswerkstatt.de\/index.php?rest_route=\/wp\/v2\/pages\/64"}],"collection":[{"href":"https:\/\/die-beratungswerkstatt.de\/index.php?rest_route=\/wp\/v2\/pages"}],"about":[{"href":"https:\/\/die-beratungswerkstatt.de\/index.php?rest_route=\/wp\/v2\/types\/page"}],"author":[{"embeddable":true,"href":"https:\/\/die-beratungswerkstatt.de\/index.php?rest_route=\/wp\/v2\/users\/1"}],"replies":[{"embeddable":true,"href":"https:\/\/die-beratungswerkstatt.de\/index.php?rest_route=%2Fwp%2Fv2%2Fcomments&post=64"}],"version-history":[{"count":1,"href":"https:\/\/die-beratungswerkstatt.de\/index.php?rest_route=\/wp\/v2\/pages\/64\/revisions"}],"predecessor-version":[{"id":66,"href":"https:\/\/die-beratungswerkstatt.de\/index.php?rest_route=\/wp\/v2\/pages\/64\/revisions\/66"}],"wp:attachment":[{"href":"https:\/\/die-beratungswerkstatt.de\/index.php?rest_route=%2Fwp%2Fv2%2Fmedia&parent=64"}],"curies":[{"name":"wp","href":"https:\/\/api.w.org\/{rel}","templated":true}]}}