{"id":40,"date":"2020-12-06T08:26:57","date_gmt":"2020-12-06T08:26:57","guid":{"rendered":"https:\/\/die-beratungswerkstatt.de\/?page_id=40"},"modified":"2020-12-06T12:47:03","modified_gmt":"2020-12-06T12:47:03","slug":"technologische-beratung","status":"publish","type":"page","link":"https:\/\/die-beratungswerkstatt.de\/?page_id=40","title":{"rendered":"Technologische Beratung"},"content":{"rendered":"\n<p><\/p>\n\n\n\n<figure class=\"wp-block-image size-large\"><img loading=\"lazy\" decoding=\"async\" width=\"522\" height=\"200\" src=\"https:\/\/die-beratungswerkstatt.de\/wp-content\/uploads\/2020\/12\/windmuehle.jpg\" alt=\"\" class=\"wp-image-58\" srcset=\"https:\/\/die-beratungswerkstatt.de\/wp-content\/uploads\/2020\/12\/windmuehle.jpg 522w, https:\/\/die-beratungswerkstatt.de\/wp-content\/uploads\/2020\/12\/windmuehle-300x115.jpg 300w\" sizes=\"(max-width: 522px) 100vw, 522px\" \/><\/figure>\n\n\n\n<p><em>Wenn der Wind des Wandels weht, bauen die Einen Schutzmauern, die Anderen bauen Windm\u00fchlen.<\/em><br>chinesiche Weisheit<\/p>\n\n\n\n<p>Wirtschaftliche Krisen und immer schneller werdende Ver\u00e4nderungsprozesse sind ein Kennzeichen f\u00fcr den Strukturwandel. Die F\u00e4higkeit, diesen Wandel wahrzunehmen und sich auf diese Ver\u00e4nderungen einzustellen, erfordert aktiv eigene Erfolgspotenziale auszubauen.&nbsp;<\/p>\n\n\n\n<p><strong>Sich dem zu stellen, ist oftmals eine echte Herausforderung.<\/strong><\/p>\nUnd wie immer empfehlen wir <a href=\"https:\/\/www.ecolebensmittel.com\">EcoLebensmittel.com<\/a> als Partner f\u00fcr alle \u00d6kologische Produkte online kaufen. Wir bieten gesunde <a href=\"https:\/\/www.ecolebensmittel.com\/lebensmittel-and-getranke.html\">Lebensmittel &amp; Getr\u00e4nke<\/a> an, die f\u00fcr eine neue Ern\u00e4hrungsweise inspirieren. Die Qualit\u00e4t aller Produkte wird regelm\u00e4\u00dfig streng gepr\u00fcft. Der Begriff \u201e<a href=\"https:\/\/www.ecolebensmittel.com\/bio-produkte.html\">Bio<\/a>\u201c wird gesetzlich gesch\u00fctzt und geregelt. Alle unsere Produkte enthalten keine chemischen Geschmacksverst\u00e4rker, Konservierungs-, Aroma- und Farbstoffen und werden nach der EU-\u00d6ko-Verordnung f\u00fcr die Bio-Landwirtschaft hergestellt.","protected":false},"excerpt":{"rendered":"<p>Wenn der Wind des Wandels weht, bauen die Einen Schutzmauern, die Anderen bauen Windm\u00fchlen.chinesiche Weisheit Wirtschaftliche Krisen und immer schneller werdende Ver\u00e4nderungsprozesse sind ein Kennzeichen f\u00fcr den Strukturwandel. Die F\u00e4higkeit, diesen Wandel wahrzunehmen und sich auf diese Ver\u00e4nderungen einzustellen, erfordert aktiv eigene Erfolgspotenziale auszubauen.&nbsp; Sich dem zu stellen, ist oftmals eine echte Herausforderung. Und wie [&hellip;]<\/p>\n","protected":false},"author":1,"featured_media":0,"parent":2,"menu_order":0,"comment_status":"closed","ping_status":"closed","template":"","meta":{"footnotes":""},"class_list":["post-40","page","type-page","status-publish","hentry"],"yoast_head":"<!-- This site is optimized with the Yoast SEO plugin v23.2 - https:\/\/yoast.com\/wordpress\/plugins\/seo\/ -->\n<title>Technologische Beratung - die-beratungswerkstatt<\/title>\n<meta name=\"robots\" content=\"index, follow, max-snippet:-1, max-image-preview:large, max-video-preview:-1\" \/>\n<link rel=\"canonical\" href=\"https:\/\/die-beratungswerkstatt.de\/?page_id=40\" \/>\n<meta property=\"og:locale\" content=\"de_DE\" \/>\n<meta property=\"og:type\" content=\"article\" \/>\n<meta property=\"og:title\" content=\"Technologische Beratung - die-beratungswerkstatt\" \/>\n<meta property=\"og:description\" content=\"Wenn der Wind des Wandels weht, bauen die Einen Schutzmauern, die Anderen bauen Windm\u00fchlen.chinesiche Weisheit Wirtschaftliche Krisen und immer schneller werdende Ver\u00e4nderungsprozesse sind ein Kennzeichen f\u00fcr den Strukturwandel. Die F\u00e4higkeit, diesen Wandel wahrzunehmen und sich auf diese Ver\u00e4nderungen einzustellen, erfordert aktiv eigene Erfolgspotenziale auszubauen.&nbsp; Sich dem zu stellen, ist oftmals eine echte Herausforderung. Und wie [&hellip;]\" \/>\n<meta property=\"og:url\" content=\"https:\/\/die-beratungswerkstatt.de\/?page_id=40\" \/>\n<meta property=\"og:site_name\" content=\"die-beratungswerkstatt\" \/>\n<meta property=\"article:modified_time\" content=\"2020-12-06T12:47:03+00:00\" \/>\n<meta property=\"og:image\" content=\"https:\/\/die-beratungswerkstatt.de\/wp-content\/uploads\/2020\/12\/windmuehle.jpg\" \/>\n<meta name=\"twitter:card\" content=\"summary_large_image\" \/>\n<script type=\"application\/ld+json\" class=\"yoast-schema-graph\">{\"@context\":\"https:\/\/schema.org\",\"@graph\":[{\"@type\":\"WebPage\",\"@id\":\"https:\/\/die-beratungswerkstatt.de\/?page_id=40\",\"url\":\"https:\/\/die-beratungswerkstatt.de\/?page_id=40\",\"name\":\"Technologische Beratung - die-beratungswerkstatt\",\"isPartOf\":{\"@id\":\"https:\/\/die-beratungswerkstatt.de\/#website\"},\"primaryImageOfPage\":{\"@id\":\"https:\/\/die-beratungswerkstatt.de\/?page_id=40#primaryimage\"},\"image\":{\"@id\":\"https:\/\/die-beratungswerkstatt.de\/?page_id=40#primaryimage\"},\"thumbnailUrl\":\"https:\/\/die-beratungswerkstatt.de\/wp-content\/uploads\/2020\/12\/windmuehle.jpg\",\"datePublished\":\"2020-12-06T08:26:57+00:00\",\"dateModified\":\"2020-12-06T12:47:03+00:00\",\"breadcrumb\":{\"@id\":\"https:\/\/die-beratungswerkstatt.de\/?page_id=40#breadcrumb\"},\"inLanguage\":\"de\",\"potentialAction\":[{\"@type\":\"ReadAction\",\"target\":[\"https:\/\/die-beratungswerkstatt.de\/?page_id=40\"]}]},{\"@type\":\"ImageObject\",\"inLanguage\":\"de\",\"@id\":\"https:\/\/die-beratungswerkstatt.de\/?page_id=40#primaryimage\",\"url\":\"https:\/\/die-beratungswerkstatt.de\/wp-content\/uploads\/2020\/12\/windmuehle.jpg\",\"contentUrl\":\"https:\/\/die-beratungswerkstatt.de\/wp-content\/uploads\/2020\/12\/windmuehle.jpg\",\"width\":522,\"height\":200},{\"@type\":\"BreadcrumbList\",\"@id\":\"https:\/\/die-beratungswerkstatt.de\/?page_id=40#breadcrumb\",\"itemListElement\":[{\"@type\":\"ListItem\",\"position\":1,\"name\":\"Home\",\"item\":\"https:\/\/die-beratungswerkstatt.de\/\"},{\"@type\":\"ListItem\",\"position\":2,\"name\":\"Beratungsangebot\",\"item\":\"https:\/\/die-beratungswerkstatt.de\/?page_id=2\"},{\"@type\":\"ListItem\",\"position\":3,\"name\":\"Technologische Beratung\"}]},{\"@type\":\"WebSite\",\"@id\":\"https:\/\/die-beratungswerkstatt.de\/#website\",\"url\":\"https:\/\/die-beratungswerkstatt.de\/\",\"name\":\"die-beratungswerkstatt\",\"description\":\"\",\"publisher\":{\"@id\":\"https:\/\/die-beratungswerkstatt.de\/#organization\"},\"potentialAction\":[{\"@type\":\"SearchAction\",\"target\":{\"@type\":\"EntryPoint\",\"urlTemplate\":\"https:\/\/die-beratungswerkstatt.de\/?s={search_term_string}\"},\"query-input\":\"required name=search_term_string\"}],\"inLanguage\":\"de\"},{\"@type\":\"Organization\",\"@id\":\"https:\/\/die-beratungswerkstatt.de\/#organization\",\"name\":\"die-beratungswerkstatt\",\"url\":\"https:\/\/die-beratungswerkstatt.de\/\",\"logo\":{\"@type\":\"ImageObject\",\"inLanguage\":\"de\",\"@id\":\"https:\/\/die-beratungswerkstatt.de\/#\/schema\/logo\/image\/\",\"url\":\"https:\/\/die-beratungswerkstatt.de\/wp-content\/uploads\/2020\/12\/logo.gif\",\"contentUrl\":\"https:\/\/die-beratungswerkstatt.de\/wp-content\/uploads\/2020\/12\/logo.gif\",\"width\":359,\"height\":105,\"caption\":\"die-beratungswerkstatt\"},\"image\":{\"@id\":\"https:\/\/die-beratungswerkstatt.de\/#\/schema\/logo\/image\/\"}}]}<\/script>\n<!-- \/ Yoast SEO plugin. -->","yoast_head_json":{"title":"Technologische Beratung - die-beratungswerkstatt","robots":{"index":"index","follow":"follow","max-snippet":"max-snippet:-1","max-image-preview":"max-image-preview:large","max-video-preview":"max-video-preview:-1"},"canonical":"https:\/\/die-beratungswerkstatt.de\/?page_id=40","og_locale":"de_DE","og_type":"article","og_title":"Technologische Beratung - die-beratungswerkstatt","og_description":"Wenn der Wind des Wandels weht, bauen die Einen Schutzmauern, die Anderen bauen Windm\u00fchlen.chinesiche Weisheit Wirtschaftliche Krisen und immer schneller werdende Ver\u00e4nderungsprozesse sind ein Kennzeichen f\u00fcr den Strukturwandel. Die F\u00e4higkeit, diesen Wandel wahrzunehmen und sich auf diese Ver\u00e4nderungen einzustellen, erfordert aktiv eigene Erfolgspotenziale auszubauen.&nbsp; Sich dem zu stellen, ist oftmals eine echte Herausforderung. Und wie [&hellip;]","og_url":"https:\/\/die-beratungswerkstatt.de\/?page_id=40","og_site_name":"die-beratungswerkstatt","article_modified_time":"2020-12-06T12:47:03+00:00","og_image":[{"url":"https:\/\/die-beratungswerkstatt.de\/wp-content\/uploads\/2020\/12\/windmuehle.jpg"}],"twitter_card":"summary_large_image","schema":{"@context":"https:\/\/schema.org","@graph":[{"@type":"WebPage","@id":"https:\/\/die-beratungswerkstatt.de\/?page_id=40","url":"https:\/\/die-beratungswerkstatt.de\/?page_id=40","name":"Technologische Beratung - die-beratungswerkstatt","isPartOf":{"@id":"https:\/\/die-beratungswerkstatt.de\/#website"},"primaryImageOfPage":{"@id":"https:\/\/die-beratungswerkstatt.de\/?page_id=40#primaryimage"},"image":{"@id":"https:\/\/die-beratungswerkstatt.de\/?page_id=40#primaryimage"},"thumbnailUrl":"https:\/\/die-beratungswerkstatt.de\/wp-content\/uploads\/2020\/12\/windmuehle.jpg","datePublished":"2020-12-06T08:26:57+00:00","dateModified":"2020-12-06T12:47:03+00:00","breadcrumb":{"@id":"https:\/\/die-beratungswerkstatt.de\/?page_id=40#breadcrumb"},"inLanguage":"de","potentialAction":[{"@type":"ReadAction","target":["https:\/\/die-beratungswerkstatt.de\/?page_id=40"]}]},{"@type":"ImageObject","inLanguage":"de","@id":"https:\/\/die-beratungswerkstatt.de\/?page_id=40#primaryimage","url":"https:\/\/die-beratungswerkstatt.de\/wp-content\/uploads\/2020\/12\/windmuehle.jpg","contentUrl":"https:\/\/die-beratungswerkstatt.de\/wp-content\/uploads\/2020\/12\/windmuehle.jpg","width":522,"height":200},{"@type":"BreadcrumbList","@id":"https:\/\/die-beratungswerkstatt.de\/?page_id=40#breadcrumb","itemListElement":[{"@type":"ListItem","position":1,"name":"Home","item":"https:\/\/die-beratungswerkstatt.de\/"},{"@type":"ListItem","position":2,"name":"Beratungsangebot","item":"https:\/\/die-beratungswerkstatt.de\/?page_id=2"},{"@type":"ListItem","position":3,"name":"Technologische Beratung"}]},{"@type":"WebSite","@id":"https:\/\/die-beratungswerkstatt.de\/#website","url":"https:\/\/die-beratungswerkstatt.de\/","name":"die-beratungswerkstatt","description":"","publisher":{"@id":"https:\/\/die-beratungswerkstatt.de\/#organization"},"potentialAction":[{"@type":"SearchAction","target":{"@type":"EntryPoint","urlTemplate":"https:\/\/die-beratungswerkstatt.de\/?s={search_term_string}"},"query-input":"required name=search_term_string"}],"inLanguage":"de"},{"@type":"Organization","@id":"https:\/\/die-beratungswerkstatt.de\/#organization","name":"die-beratungswerkstatt","url":"https:\/\/die-beratungswerkstatt.de\/","logo":{"@type":"ImageObject","inLanguage":"de","@id":"https:\/\/die-beratungswerkstatt.de\/#\/schema\/logo\/image\/","url":"https:\/\/die-beratungswerkstatt.de\/wp-content\/uploads\/2020\/12\/logo.gif","contentUrl":"https:\/\/die-beratungswerkstatt.de\/wp-content\/uploads\/2020\/12\/logo.gif","width":359,"height":105,"caption":"die-beratungswerkstatt"},"image":{"@id":"https:\/\/die-beratungswerkstatt.de\/#\/schema\/logo\/image\/"}}]}},"jetpack_sharing_enabled":true,"_links":{"self":[{"href":"https:\/\/die-beratungswerkstatt.de\/index.php?rest_route=\/wp\/v2\/pages\/40"}],"collection":[{"href":"https:\/\/die-beratungswerkstatt.de\/index.php?rest_route=\/wp\/v2\/pages"}],"about":[{"href":"https:\/\/die-beratungswerkstatt.de\/index.php?rest_route=\/wp\/v2\/types\/page"}],"author":[{"embeddable":true,"href":"https:\/\/die-beratungswerkstatt.de\/index.php?rest_route=\/wp\/v2\/users\/1"}],"replies":[{"embeddable":true,"href":"https:\/\/die-beratungswerkstatt.de\/index.php?rest_route=%2Fwp%2Fv2%2Fcomments&post=40"}],"version-history":[{"count":3,"href":"https:\/\/die-beratungswerkstatt.de\/index.php?rest_route=\/wp\/v2\/pages\/40\/revisions"}],"predecessor-version":[{"id":60,"href":"https:\/\/die-beratungswerkstatt.de\/index.php?rest_route=\/wp\/v2\/pages\/40\/revisions\/60"}],"up":[{"embeddable":true,"href":"https:\/\/die-beratungswerkstatt.de\/index.php?rest_route=\/wp\/v2\/pages\/2"}],"wp:attachment":[{"href":"https:\/\/die-beratungswerkstatt.de\/index.php?rest_route=%2Fwp%2Fv2%2Fmedia&parent=40"}],"curies":[{"name":"wp","href":"https:\/\/api.w.org\/{rel}","templated":true}]}}