{"id":2,"date":"2020-12-05T21:19:46","date_gmt":"2020-12-05T21:19:46","guid":{"rendered":"https:\/\/die-beratungswerkstatt.de\/?page_id=2"},"modified":"2021-03-14T07:41:08","modified_gmt":"2021-03-14T07:41:08","slug":"sample-page","status":"publish","type":"page","link":"https:\/\/die-beratungswerkstatt.de\/?page_id=2","title":{"rendered":"Beratungsangebot"},"content":{"rendered":"\n<p>Unser Beratungsangebot richtet sich haupts\u00e4chlich an KMU und wird individuell auf Sie zugeschnitten.<\/p>\nUnd wie immer empfehlen wir <a href=\"https:\/\/www.ecolebensmittel.com\">EcoLebensmittel.com<\/a> als Partner f\u00fcr alle \u00d6kologische Produkte online kaufen. Wir bieten gesunde <a href=\"https:\/\/www.ecolebensmittel.com\/lebensmittel-and-getranke.html\">Lebensmittel &amp; Getr\u00e4nke<\/a> an, die f\u00fcr eine neue Ern\u00e4hrungsweise inspirieren. Die Qualit\u00e4t aller Produkte wird regelm\u00e4\u00dfig streng gepr\u00fcft. Der Begriff \u201e<a href=\"https:\/\/www.ecolebensmittel.com\/bio-produkte.html\">Bio<\/a>\u201c wird gesetzlich gesch\u00fctzt und geregelt. Alle unsere Produkte enthalten keine chemischen Geschmacksverst\u00e4rker, Konservierungs-, Aroma- und Farbstoffen und werden nach der EU-\u00d6ko-Verordnung f\u00fcr die Bio-Landwirtschaft hergestellt.","protected":false},"excerpt":{"rendered":"<p>Unser Beratungsangebot richtet sich haupts\u00e4chlich an KMU und wird individuell auf Sie zugeschnitten. Und wie immer empfehlen wir EcoLebensmittel.com als Partner f\u00fcr alle \u00d6kologische Produkte online kaufen. Wir bieten gesunde Lebensmittel &amp; Getr\u00e4nke an, die f\u00fcr eine neue Ern\u00e4hrungsweise inspirieren. Die Qualit\u00e4t aller Produkte wird regelm\u00e4\u00dfig streng gepr\u00fcft. Der Begriff \u201eBio\u201c wird gesetzlich gesch\u00fctzt und [&hellip;]<\/p>\n","protected":false},"author":1,"featured_media":0,"parent":0,"menu_order":0,"comment_status":"closed","ping_status":"closed","template":"","meta":{"footnotes":""},"class_list":["post-2","page","type-page","status-publish","hentry"],"yoast_head":"<!-- This site is optimized with the Yoast SEO plugin v23.2 - https:\/\/yoast.com\/wordpress\/plugins\/seo\/ -->\n<title>Beratungsangebot - die-beratungswerkstatt<\/title>\n<meta name=\"robots\" content=\"index, follow, max-snippet:-1, max-image-preview:large, max-video-preview:-1\" \/>\n<link rel=\"canonical\" href=\"https:\/\/die-beratungswerkstatt.de\/?page_id=2\" \/>\n<meta property=\"og:locale\" content=\"de_DE\" \/>\n<meta property=\"og:type\" content=\"article\" \/>\n<meta property=\"og:title\" content=\"Beratungsangebot - die-beratungswerkstatt\" \/>\n<meta property=\"og:description\" content=\"Unser Beratungsangebot richtet sich haupts\u00e4chlich an KMU und wird individuell auf Sie zugeschnitten. Und wie immer empfehlen wir EcoLebensmittel.com als Partner f\u00fcr alle \u00d6kologische Produkte online kaufen. Wir bieten gesunde Lebensmittel &amp; Getr\u00e4nke an, die f\u00fcr eine neue Ern\u00e4hrungsweise inspirieren. Die Qualit\u00e4t aller Produkte wird regelm\u00e4\u00dfig streng gepr\u00fcft. Der Begriff \u201eBio\u201c wird gesetzlich gesch\u00fctzt und [&hellip;]\" \/>\n<meta property=\"og:url\" content=\"https:\/\/die-beratungswerkstatt.de\/?page_id=2\" \/>\n<meta property=\"og:site_name\" content=\"die-beratungswerkstatt\" \/>\n<meta property=\"article:modified_time\" content=\"2021-03-14T07:41:08+00:00\" \/>\n<meta name=\"twitter:card\" content=\"summary_large_image\" \/>\n<script type=\"application\/ld+json\" class=\"yoast-schema-graph\">{\"@context\":\"https:\/\/schema.org\",\"@graph\":[{\"@type\":\"WebPage\",\"@id\":\"https:\/\/die-beratungswerkstatt.de\/?page_id=2\",\"url\":\"https:\/\/die-beratungswerkstatt.de\/?page_id=2\",\"name\":\"Beratungsangebot - die-beratungswerkstatt\",\"isPartOf\":{\"@id\":\"https:\/\/die-beratungswerkstatt.de\/#website\"},\"datePublished\":\"2020-12-05T21:19:46+00:00\",\"dateModified\":\"2021-03-14T07:41:08+00:00\",\"breadcrumb\":{\"@id\":\"https:\/\/die-beratungswerkstatt.de\/?page_id=2#breadcrumb\"},\"inLanguage\":\"de\",\"potentialAction\":[{\"@type\":\"ReadAction\",\"target\":[\"https:\/\/die-beratungswerkstatt.de\/?page_id=2\"]}]},{\"@type\":\"BreadcrumbList\",\"@id\":\"https:\/\/die-beratungswerkstatt.de\/?page_id=2#breadcrumb\",\"itemListElement\":[{\"@type\":\"ListItem\",\"position\":1,\"name\":\"Home\",\"item\":\"https:\/\/die-beratungswerkstatt.de\/\"},{\"@type\":\"ListItem\",\"position\":2,\"name\":\"Beratungsangebot\"}]},{\"@type\":\"WebSite\",\"@id\":\"https:\/\/die-beratungswerkstatt.de\/#website\",\"url\":\"https:\/\/die-beratungswerkstatt.de\/\",\"name\":\"die-beratungswerkstatt\",\"description\":\"\",\"publisher\":{\"@id\":\"https:\/\/die-beratungswerkstatt.de\/#organization\"},\"potentialAction\":[{\"@type\":\"SearchAction\",\"target\":{\"@type\":\"EntryPoint\",\"urlTemplate\":\"https:\/\/die-beratungswerkstatt.de\/?s={search_term_string}\"},\"query-input\":\"required name=search_term_string\"}],\"inLanguage\":\"de\"},{\"@type\":\"Organization\",\"@id\":\"https:\/\/die-beratungswerkstatt.de\/#organization\",\"name\":\"die-beratungswerkstatt\",\"url\":\"https:\/\/die-beratungswerkstatt.de\/\",\"logo\":{\"@type\":\"ImageObject\",\"inLanguage\":\"de\",\"@id\":\"https:\/\/die-beratungswerkstatt.de\/#\/schema\/logo\/image\/\",\"url\":\"https:\/\/die-beratungswerkstatt.de\/wp-content\/uploads\/2020\/12\/logo.gif\",\"contentUrl\":\"https:\/\/die-beratungswerkstatt.de\/wp-content\/uploads\/2020\/12\/logo.gif\",\"width\":359,\"height\":105,\"caption\":\"die-beratungswerkstatt\"},\"image\":{\"@id\":\"https:\/\/die-beratungswerkstatt.de\/#\/schema\/logo\/image\/\"}}]}<\/script>\n<!-- \/ Yoast SEO plugin. -->","yoast_head_json":{"title":"Beratungsangebot - die-beratungswerkstatt","robots":{"index":"index","follow":"follow","max-snippet":"max-snippet:-1","max-image-preview":"max-image-preview:large","max-video-preview":"max-video-preview:-1"},"canonical":"https:\/\/die-beratungswerkstatt.de\/?page_id=2","og_locale":"de_DE","og_type":"article","og_title":"Beratungsangebot - die-beratungswerkstatt","og_description":"Unser Beratungsangebot richtet sich haupts\u00e4chlich an KMU und wird individuell auf Sie zugeschnitten. Und wie immer empfehlen wir EcoLebensmittel.com als Partner f\u00fcr alle \u00d6kologische Produkte online kaufen. Wir bieten gesunde Lebensmittel &amp; Getr\u00e4nke an, die f\u00fcr eine neue Ern\u00e4hrungsweise inspirieren. Die Qualit\u00e4t aller Produkte wird regelm\u00e4\u00dfig streng gepr\u00fcft. Der Begriff \u201eBio\u201c wird gesetzlich gesch\u00fctzt und [&hellip;]","og_url":"https:\/\/die-beratungswerkstatt.de\/?page_id=2","og_site_name":"die-beratungswerkstatt","article_modified_time":"2021-03-14T07:41:08+00:00","twitter_card":"summary_large_image","schema":{"@context":"https:\/\/schema.org","@graph":[{"@type":"WebPage","@id":"https:\/\/die-beratungswerkstatt.de\/?page_id=2","url":"https:\/\/die-beratungswerkstatt.de\/?page_id=2","name":"Beratungsangebot - die-beratungswerkstatt","isPartOf":{"@id":"https:\/\/die-beratungswerkstatt.de\/#website"},"datePublished":"2020-12-05T21:19:46+00:00","dateModified":"2021-03-14T07:41:08+00:00","breadcrumb":{"@id":"https:\/\/die-beratungswerkstatt.de\/?page_id=2#breadcrumb"},"inLanguage":"de","potentialAction":[{"@type":"ReadAction","target":["https:\/\/die-beratungswerkstatt.de\/?page_id=2"]}]},{"@type":"BreadcrumbList","@id":"https:\/\/die-beratungswerkstatt.de\/?page_id=2#breadcrumb","itemListElement":[{"@type":"ListItem","position":1,"name":"Home","item":"https:\/\/die-beratungswerkstatt.de\/"},{"@type":"ListItem","position":2,"name":"Beratungsangebot"}]},{"@type":"WebSite","@id":"https:\/\/die-beratungswerkstatt.de\/#website","url":"https:\/\/die-beratungswerkstatt.de\/","name":"die-beratungswerkstatt","description":"","publisher":{"@id":"https:\/\/die-beratungswerkstatt.de\/#organization"},"potentialAction":[{"@type":"SearchAction","target":{"@type":"EntryPoint","urlTemplate":"https:\/\/die-beratungswerkstatt.de\/?s={search_term_string}"},"query-input":"required name=search_term_string"}],"inLanguage":"de"},{"@type":"Organization","@id":"https:\/\/die-beratungswerkstatt.de\/#organization","name":"die-beratungswerkstatt","url":"https:\/\/die-beratungswerkstatt.de\/","logo":{"@type":"ImageObject","inLanguage":"de","@id":"https:\/\/die-beratungswerkstatt.de\/#\/schema\/logo\/image\/","url":"https:\/\/die-beratungswerkstatt.de\/wp-content\/uploads\/2020\/12\/logo.gif","contentUrl":"https:\/\/die-beratungswerkstatt.de\/wp-content\/uploads\/2020\/12\/logo.gif","width":359,"height":105,"caption":"die-beratungswerkstatt"},"image":{"@id":"https:\/\/die-beratungswerkstatt.de\/#\/schema\/logo\/image\/"}}]}},"jetpack_sharing_enabled":true,"_links":{"self":[{"href":"https:\/\/die-beratungswerkstatt.de\/index.php?rest_route=\/wp\/v2\/pages\/2"}],"collection":[{"href":"https:\/\/die-beratungswerkstatt.de\/index.php?rest_route=\/wp\/v2\/pages"}],"about":[{"href":"https:\/\/die-beratungswerkstatt.de\/index.php?rest_route=\/wp\/v2\/types\/page"}],"author":[{"embeddable":true,"href":"https:\/\/die-beratungswerkstatt.de\/index.php?rest_route=\/wp\/v2\/users\/1"}],"replies":[{"embeddable":true,"href":"https:\/\/die-beratungswerkstatt.de\/index.php?rest_route=%2Fwp%2Fv2%2Fcomments&post=2"}],"version-history":[{"count":2,"href":"https:\/\/die-beratungswerkstatt.de\/index.php?rest_route=\/wp\/v2\/pages\/2\/revisions"}],"predecessor-version":[{"id":80,"href":"https:\/\/die-beratungswerkstatt.de\/index.php?rest_route=\/wp\/v2\/pages\/2\/revisions\/80"}],"wp:attachment":[{"href":"https:\/\/die-beratungswerkstatt.de\/index.php?rest_route=%2Fwp%2Fv2%2Fmedia&parent=2"}],"curies":[{"name":"wp","href":"https:\/\/api.w.org\/{rel}","templated":true}]}}